{"id":6713,"date":"2025-04-25T14:38:19","date_gmt":"2025-04-25T12:38:19","guid":{"rendered":"https:\/\/www.zahnloft.ch\/jobs\/"},"modified":"2025-12-23T10:19:28","modified_gmt":"2025-12-23T09:19:28","slug":"jobs","status":"publish","type":"page","link":"https:\/\/www.zahnloft.ch\/en\/jobs\/","title":{"rendered":"Jobs"},"content":{"rendered":"<div class=\"wpb-content-wrapper\">[vc_row css_animation=&#8221;fadeInUp&#8221; bg_style=&#8221;stretch&#8221; video_bg_overlay=&#8221;none&#8221; css=&#8221;.vc_custom_1737349419693{padding-top: 60px !important;padding-bottom: 30px !important;}&#8221;][vc_column]<style>.vcex-heading.vcex_69e2f46a9d22c{color:#333333;font-size:var(--wpex-text-7xl);font-family:aileron;font-weight:700;}<\/style><h1 class=\"vcex-heading vcex-heading-plain vcex-module wpex-heading wpex-text-2xl wpex-text-center vcex_69e2f46a9d22c\"><span class=\"vcex-heading-inner wpex-inline-block\">Here you will find our vacancies<\/span><\/h1><div class=\"vcex-module vcex-divider vcex-divider-solid wpex-my-30 vcex-divider-center wpex-mx-auto wpex-max-w-100 wpex-block wpex-h-0 wpex-border-b wpex-border-solid wpex-border-main\" style=\"width:10%;border-color:#333333;\"><\/div>[\/vc_column][\/vc_row][vc_row css_animation=&#8221;fadeInUp&#8221; column_spacing=&#8221;60&#8243; bg_style=&#8221;stretch&#8221; css=&#8221;.vc_custom_1737349397990{padding-top: 50px !important;padding-bottom: 10px !important;}&#8221;][vc_column]<div class=\"vcex-toggle-group vcex-toggle-group--w-borders vcex-module wpex-mx-auto\" data-vcex-accordion=\"1\"><style>.vcex-toggle.vcex_69e2f46a9fa0e .vcex-toggle__trigger{color:#0a0a0a;}.vcex-toggle.vcex_69e2f46a9fa0e .vcex-toggle__heading{font-size:20px;font-family:aileron;}.vcex-toggle.vcex_69e2f46a9fa0e .vcex-toggle__content{font-size:15px;}<\/style><div class=\"vcex-toggle vcex-module vcex-toggle--active vcex_69e2f46a9fa0e\" data-animate=\"true\" data-duration=\"300\"><div class=\"vcex-toggle__heading\"><a href=\"#dental-hygienist-40-60--start-from-june-or-by-arrangement\" class=\"vcex-toggle__trigger wpex-transition-colors wpex-flex wpex-items-center wpex-gap-10\" aria-expanded=\"true\" aria-controls=\"dental-hygienist-40-60--start-from-june-or-by-arrangement\"><div class=\"vcex-toggle__icon wpex-flex wpex-items-center wpex-justify-center\" aria-hidden=\"true\"><div class=\"vcex-toggle__icon-open wpex-flex wpex-flex-col wpex-items-center\"><svg xmlns=\"http:\/\/www.w3.org\/2000\/svg\" height=\"1.5em\" viewBox=\"0 0 24 24\" width=\"1.5em\" fill=\"currentColor\" class=\"vcex-toggle__icon-open\"><path d=\"M0 0h24v24H0V0z\" fill=\"none\"\/><path d=\"M19 13h-6v6h-2v-6H5v-2h6V5h2v6h6v2z\"\/><\/svg><\/div><div class=\"vcex-toggle__icon-close wpex-flex wpex-flex-col wpex-items-center\"><svg xmlns=\"http:\/\/www.w3.org\/2000\/svg\" height=\"1.5em\" viewBox=\"0 0 24 24\" width=\"1.5em\" fill=\"currentColor\" class=\"vcex-toggle__icon-close\"><path d=\"M0 0h24v24H0V0z\" fill=\"none\"\/><path d=\"M19 13H5v-2h14v2z\"\/><\/svg><\/div><\/div><h2 class=\"vcex-toggle__title\">DENTAL HYGIENIST 40-60% | Start from June or by arrangement<\/h2><\/a><\/div><div id=\"dental-hygienist-40-60--start-from-june-or-by-arrangement\" class=\"vcex-toggle__content wpex-clr wpex-last-mb-0 wpex-my-10\"><p>Do you want more than just tartar removal? Then come to our newly renovated practice in Zurich-H\u00f6ngg. We are a young, friendly team with humour, style and team spirit &#8211; we are looking for a <strong>dental hygienist<\/strong> who enjoys their job and wants to make a 40-60% impact with added value.<\/p>\n<p><strong>This is what you get with us:<br \/>\n<\/strong><\/p>\n<ul>\n<li>5 weeks holiday<\/li>\n<li>Work clothes<\/li>\n<li>Free coffee &amp; co.<\/li>\n<li>Employee events<\/li>\n<li>An environment that does you good<\/li>\n<\/ul>\n<p><strong>What you bring to the table:<\/strong><\/p>\n<ul>\n<li>Training as a DH<br \/>\nIndependence, empathy, team spirit<\/li>\n<\/ul>\n<p>Sound exciting? Then get in touch &#8211; we look forward to hearing from you!<\/p>\n<p>praxis@zahnloft.ch \/ 044 432 44 11<\/p>\n<\/div><\/div><\/div>[\/vc_column][\/vc_row][vc_row css_animation=&#8221;fadeInUp&#8221; column_spacing=&#8221;60&#8243; bg_style=&#8221;stretch&#8221; css=&#8221;.vc_custom_1741293006982{padding-bottom: 50px !important;}&#8221;][vc_column width=&#8221;1\/3&#8243;]<div class=\"vcex-heading vcex-heading-plain vcex-module wpex-heading wpex-text-2xl\"><span class=\"vcex-heading-inner wpex-inline-block\">Address<\/span><\/div><div class=\"vcex-module vcex-divider vcex-divider-solid wpex-my-30 vcex-divider-left wpex-mr-auto wpex-max-w-100 wpex-block wpex-h-0 wpex-border-b wpex-border-solid wpex-border-main\" style=\"width:10%;border-color:#333333;\"><\/div>[vc_column_text css=&#8221;&#8221; font_size=&#8221;lg&#8221;]Zahnloft by Dr.med.dent. Florina Jaggy<br \/>\nLimmattalstrasse 204, 8049 Z\u00fcrich<\/p>\n<p>You will find parking spaces 50 metres away in the Coop Supermarkt Z\u00fcrich H\u00f6nggermarkt<\/p>\n<p style=\"text-align: left;\">Phone: 044 342 44 11<br \/>\nMail: praxis@zahnloft.ch<\/p>\n[\/vc_column_text]<div class=\"vcex-spacing wpex-w-100 wpex-clear\" style=\"height:30px;\"><\/div><div class=\"vcex-heading vcex-heading-plain vcex-module wpex-heading wpex-text-2xl\"><span class=\"vcex-heading-inner wpex-inline-block\">Opening hours<\/span><\/div><div class=\"vcex-module vcex-divider vcex-divider-solid wpex-my-30 vcex-divider-left wpex-mr-auto wpex-max-w-100 wpex-block wpex-h-0 wpex-border-b wpex-border-solid wpex-border-main\" style=\"width:10%;border-color:#333333;\"><\/div>[vc_column_text css=&#8221;&#8221; font_size=&#8221;lg&#8221;]\n<p style=\"text-align: left;\"><strong>Monday &#8211; Friday:<br \/>\n<\/strong>08.00 &#8211; 12.00 am and 13.30 &#8211; 17.00 pm<\/p>\n<p style=\"text-align: left;\"><strong>Saturday \/ Sunday:<br \/>\n<\/strong>closed<\/p>\n[\/vc_column_text][\/vc_column][vc_column width=&#8221;2\/3&#8243;][vc_goo_maps location=&#8221;Zahnloft Z\u00fcrich \/ Zahnarztpraxis H\u00f6ngg&#8221; height=&#8221;500&#8243; zoom=&#8221;15&#8243; css=&#8221;&#8221;][\/vc_column][\/vc_row]\n<\/div>","protected":false},"excerpt":{"rendered":"<p>[vc_row css_animation=&#8221;fadeInUp&#8221; bg_style=&#8221;stretch&#8221; video_bg_overlay=&#8221;none&#8221; css=&#8221;.vc_custom_1737349419693{padding-top: 60px !important;padding-bottom: 30px !important;}&#8221;][vc_column][\/vc_column][\/vc_row][vc_row css_animation=&#8221;fadeInUp&#8221; column_spacing=&#8221;60&#8243; bg_style=&#8221;stretch&#8221; css=&#8221;.vc_custom_1737349397990{padding-top: 50px !important;padding-bottom: 10px !important;}&#8221;][vc_column][\/vc_column][\/vc_row][vc_row css_animation=&#8221;fadeInUp&#8221; column_spacing=&#8221;60&#8243; bg_style=&#8221;stretch&#8221; css=&#8221;.vc_custom_1741293006982{padding-bottom: 50px !important;}&#8221;][vc_column width=&#8221;1\/3&#8243;][vc_column_text css=&#8221;&#8221; font_size=&#8221;lg&#8221;]Zahnloft by Dr.med.dent. Florina Jaggy Limmattalstrasse 204, 8049 Z\u00fcrich You will find parking spaces 50 metres away in the Coop Supermarkt Z\u00fcrich H\u00f6nggermarkt Phone: 044 342 44 11 Mail: praxis@zahnloft.ch&hellip;<\/p>\n","protected":false},"author":1,"featured_media":0,"parent":0,"menu_order":26,"comment_status":"closed","ping_status":"closed","template":"","meta":{"_acf_changed":false,"footnotes":""},"class_list":["post-6713","page","type-page","status-publish","hentry","entry","no-media"],"acf":[],"yoast_head":"<!-- This site is optimized with the Yoast SEO plugin v26.9 - https:\/\/yoast.com\/product\/yoast-seo-wordpress\/ -->\n<title>Zahnloft by Dr. med. dent. Florina Jaggy | Z\u00fcrich-H\u00f6ngg - Jobs<\/title>\n<meta name=\"description\" content=\"Jobs: Karriere bei Zahnloft - moderne Arbeitspl\u00e4tze, engagierte Teams und Entwicklungsm\u00f6glichkeiten in einer innovativen Praxis.\" \/>\n<meta name=\"robots\" content=\"index, follow, max-snippet:-1, max-image-preview:large, max-video-preview:-1\" \/>\n<link rel=\"canonical\" href=\"https:\/\/www.zahnloft.ch\/en\/jobs\/\" \/>\n<meta property=\"og:locale\" content=\"en_US\" \/>\n<meta property=\"og:type\" content=\"article\" \/>\n<meta property=\"og:title\" content=\"Zahnloft by Dr. med. dent. Florina Jaggy | Z\u00fcrich-H\u00f6ngg - Jobs\" \/>\n<meta property=\"og:description\" content=\"Jobs: Karriere bei Zahnloft - moderne Arbeitspl\u00e4tze, engagierte Teams und Entwicklungsm\u00f6glichkeiten in einer innovativen Praxis.\" \/>\n<meta property=\"og:url\" content=\"https:\/\/www.zahnloft.ch\/en\/jobs\/\" \/>\n<meta property=\"og:site_name\" content=\"Zahnloft by Dr. med. dent. Florina Jaggy | Z\u00fcrich-H\u00f6ngg\" \/>\n<meta property=\"article:modified_time\" content=\"2025-12-23T09:19:28+00:00\" \/>\n<meta name=\"twitter:card\" content=\"summary_large_image\" \/>\n<meta name=\"twitter:label1\" content=\"Est. reading time\" \/>\n\t<meta name=\"twitter:data1\" content=\"2 minutes\" \/>\n<script type=\"application\/ld+json\" class=\"yoast-schema-graph\">{\"@context\":\"https:\/\/schema.org\",\"@graph\":[{\"@type\":\"WebPage\",\"@id\":\"https:\/\/www.zahnloft.ch\/en\/jobs\/\",\"url\":\"https:\/\/www.zahnloft.ch\/en\/jobs\/\",\"name\":\"Zahnloft by Dr. med. dent. Florina Jaggy | Z\u00fcrich-H\u00f6ngg - Jobs\",\"isPartOf\":{\"@id\":\"https:\/\/www.zahnloft.ch\/en\/#website\"},\"datePublished\":\"2025-04-25T12:38:19+00:00\",\"dateModified\":\"2025-12-23T09:19:28+00:00\",\"description\":\"Jobs: Karriere bei Zahnloft - moderne Arbeitspl\u00e4tze, engagierte Teams und Entwicklungsm\u00f6glichkeiten in einer innovativen Praxis.\",\"breadcrumb\":{\"@id\":\"https:\/\/www.zahnloft.ch\/en\/jobs\/#breadcrumb\"},\"inLanguage\":\"en-US\",\"potentialAction\":[{\"@type\":\"ReadAction\",\"target\":[\"https:\/\/www.zahnloft.ch\/en\/jobs\/\"]}]},{\"@type\":\"BreadcrumbList\",\"@id\":\"https:\/\/www.zahnloft.ch\/en\/jobs\/#breadcrumb\",\"itemListElement\":[{\"@type\":\"ListItem\",\"position\":1,\"name\":\"Start\",\"item\":\"https:\/\/www.zahnloft.ch\/en\/\"},{\"@type\":\"ListItem\",\"position\":2,\"name\":\"Jobs\"}]},{\"@type\":\"WebSite\",\"@id\":\"https:\/\/www.zahnloft.ch\/en\/#website\",\"url\":\"https:\/\/www.zahnloft.ch\/en\/\",\"name\":\"Zahnloft by Dr. med. dent. Florina Jaggy | Z\u00fcrich-H\u00f6ngg\",\"description\":\"\",\"publisher\":{\"@id\":\"https:\/\/www.zahnloft.ch\/en\/#organization\"},\"potentialAction\":[{\"@type\":\"SearchAction\",\"target\":{\"@type\":\"EntryPoint\",\"urlTemplate\":\"https:\/\/www.zahnloft.ch\/en\/?s={search_term_string}\"},\"query-input\":{\"@type\":\"PropertyValueSpecification\",\"valueRequired\":true,\"valueName\":\"search_term_string\"}}],\"inLanguage\":\"en-US\"},{\"@type\":\"Organization\",\"@id\":\"https:\/\/www.zahnloft.ch\/en\/#organization\",\"name\":\"Zahnloft by Dr. med. dent. Florina Jaggy | Z\u00fcrich-H\u00f6ngg\",\"url\":\"https:\/\/www.zahnloft.ch\/en\/\",\"logo\":{\"@type\":\"ImageObject\",\"inLanguage\":\"en-US\",\"@id\":\"https:\/\/www.zahnloft.ch\/en\/#\/schema\/logo\/image\/\",\"url\":\"https:\/\/www.zahnloft.ch\/wp-content\/uploads\/Logo.svg\",\"contentUrl\":\"https:\/\/www.zahnloft.ch\/wp-content\/uploads\/Logo.svg\",\"caption\":\"Zahnloft by Dr. med. dent. Florina Jaggy | Z\u00fcrich-H\u00f6ngg\"},\"image\":{\"@id\":\"https:\/\/www.zahnloft.ch\/en\/#\/schema\/logo\/image\/\"}}]}<\/script>\n<!-- \/ Yoast SEO plugin. -->","yoast_head_json":{"title":"Zahnloft by Dr. med. dent. Florina Jaggy | Z\u00fcrich-H\u00f6ngg - Jobs","description":"Jobs: Karriere bei Zahnloft - moderne Arbeitspl\u00e4tze, engagierte Teams und Entwicklungsm\u00f6glichkeiten in einer innovativen Praxis.","robots":{"index":"index","follow":"follow","max-snippet":"max-snippet:-1","max-image-preview":"max-image-preview:large","max-video-preview":"max-video-preview:-1"},"canonical":"https:\/\/www.zahnloft.ch\/en\/jobs\/","og_locale":"en_US","og_type":"article","og_title":"Zahnloft by Dr. med. dent. Florina Jaggy | Z\u00fcrich-H\u00f6ngg - Jobs","og_description":"Jobs: Karriere bei Zahnloft - moderne Arbeitspl\u00e4tze, engagierte Teams und Entwicklungsm\u00f6glichkeiten in einer innovativen Praxis.","og_url":"https:\/\/www.zahnloft.ch\/en\/jobs\/","og_site_name":"Zahnloft by Dr. med. dent. Florina Jaggy | Z\u00fcrich-H\u00f6ngg","article_modified_time":"2025-12-23T09:19:28+00:00","twitter_card":"summary_large_image","twitter_misc":{"Est. reading time":"2 minutes"},"schema":{"@context":"https:\/\/schema.org","@graph":[{"@type":"WebPage","@id":"https:\/\/www.zahnloft.ch\/en\/jobs\/","url":"https:\/\/www.zahnloft.ch\/en\/jobs\/","name":"Zahnloft by Dr. med. dent. Florina Jaggy | Z\u00fcrich-H\u00f6ngg - Jobs","isPartOf":{"@id":"https:\/\/www.zahnloft.ch\/en\/#website"},"datePublished":"2025-04-25T12:38:19+00:00","dateModified":"2025-12-23T09:19:28+00:00","description":"Jobs: Karriere bei Zahnloft - moderne Arbeitspl\u00e4tze, engagierte Teams und Entwicklungsm\u00f6glichkeiten in einer innovativen Praxis.","breadcrumb":{"@id":"https:\/\/www.zahnloft.ch\/en\/jobs\/#breadcrumb"},"inLanguage":"en-US","potentialAction":[{"@type":"ReadAction","target":["https:\/\/www.zahnloft.ch\/en\/jobs\/"]}]},{"@type":"BreadcrumbList","@id":"https:\/\/www.zahnloft.ch\/en\/jobs\/#breadcrumb","itemListElement":[{"@type":"ListItem","position":1,"name":"Start","item":"https:\/\/www.zahnloft.ch\/en\/"},{"@type":"ListItem","position":2,"name":"Jobs"}]},{"@type":"WebSite","@id":"https:\/\/www.zahnloft.ch\/en\/#website","url":"https:\/\/www.zahnloft.ch\/en\/","name":"Zahnloft by Dr. med. dent. Florina Jaggy | Z\u00fcrich-H\u00f6ngg","description":"","publisher":{"@id":"https:\/\/www.zahnloft.ch\/en\/#organization"},"potentialAction":[{"@type":"SearchAction","target":{"@type":"EntryPoint","urlTemplate":"https:\/\/www.zahnloft.ch\/en\/?s={search_term_string}"},"query-input":{"@type":"PropertyValueSpecification","valueRequired":true,"valueName":"search_term_string"}}],"inLanguage":"en-US"},{"@type":"Organization","@id":"https:\/\/www.zahnloft.ch\/en\/#organization","name":"Zahnloft by Dr. med. dent. Florina Jaggy | Z\u00fcrich-H\u00f6ngg","url":"https:\/\/www.zahnloft.ch\/en\/","logo":{"@type":"ImageObject","inLanguage":"en-US","@id":"https:\/\/www.zahnloft.ch\/en\/#\/schema\/logo\/image\/","url":"https:\/\/www.zahnloft.ch\/wp-content\/uploads\/Logo.svg","contentUrl":"https:\/\/www.zahnloft.ch\/wp-content\/uploads\/Logo.svg","caption":"Zahnloft by Dr. med. dent. Florina Jaggy | Z\u00fcrich-H\u00f6ngg"},"image":{"@id":"https:\/\/www.zahnloft.ch\/en\/#\/schema\/logo\/image\/"}}]}},"jetpack_sharing_enabled":true,"_links":{"self":[{"href":"https:\/\/www.zahnloft.ch\/en\/wp-json\/wp\/v2\/pages\/6713","targetHints":{"allow":["GET"]}}],"collection":[{"href":"https:\/\/www.zahnloft.ch\/en\/wp-json\/wp\/v2\/pages"}],"about":[{"href":"https:\/\/www.zahnloft.ch\/en\/wp-json\/wp\/v2\/types\/page"}],"author":[{"embeddable":true,"href":"https:\/\/www.zahnloft.ch\/en\/wp-json\/wp\/v2\/users\/1"}],"replies":[{"embeddable":true,"href":"https:\/\/www.zahnloft.ch\/en\/wp-json\/wp\/v2\/comments?post=6713"}],"version-history":[{"count":1,"href":"https:\/\/www.zahnloft.ch\/en\/wp-json\/wp\/v2\/pages\/6713\/revisions"}],"predecessor-version":[{"id":7024,"href":"https:\/\/www.zahnloft.ch\/en\/wp-json\/wp\/v2\/pages\/6713\/revisions\/7024"}],"wp:attachment":[{"href":"https:\/\/www.zahnloft.ch\/en\/wp-json\/wp\/v2\/media?parent=6713"}],"curies":[{"name":"wp","href":"https:\/\/api.w.org\/{rel}","templated":true}]}}