{"id":5828,"date":"2025-01-04T20:41:07","date_gmt":"2025-01-04T19:41:07","guid":{"rendered":"https:\/\/www.zahnloft.ch\/praxis\/"},"modified":"2025-12-23T09:54:56","modified_gmt":"2025-12-23T08:54:56","slug":"practice","status":"publish","type":"page","link":"https:\/\/www.zahnloft.ch\/en\/practice\/","title":{"rendered":"Practice"},"content":{"rendered":"<div class=\"wpb-content-wrapper\">[vc_row css_animation=&#8221;fadeInUp&#8221; bg_style=&#8221;stretch&#8221; video_bg_overlay=&#8221;none&#8221; css=&#8221;.vc_custom_1737399945511{padding-top: 60px !important;padding-bottom: 30px !important;}&#8221;][vc_column]<style>.vcex-heading.vcex_69eb46d9ec843{color:#333333;font-size:var(--wpex-text-7xl);font-family:aileron;font-weight:700;text-transform:capitalize;}<\/style><h1 class=\"vcex-heading vcex-heading-plain vcex-module wpex-heading wpex-text-2xl wpex-text-center vcex_69eb46d9ec843\"><span class=\"vcex-heading-inner wpex-inline-block\">Practice<\/span><\/h1><div class=\"vcex-module vcex-divider vcex-divider-solid wpex-my-30 vcex-divider-center wpex-mx-auto wpex-max-w-100 wpex-block wpex-h-0 wpex-border-b wpex-border-solid wpex-border-main\" style=\"width:10%;border-color:#333333;\"><\/div>[\/vc_column][\/vc_row][vc_row css_animation=&#8221;fadeInUp&#8221; column_spacing=&#8221;60&#8243; bg_style=&#8221;stretch&#8221; css=&#8221;.vc_custom_1737399954190{padding-top: 50px !important;padding-bottom: 10px !important;}&#8221;][vc_column width=&#8221;1\/3&#8243;]<figure class=\"vcex-image vcex-module\"><div class=\"vcex-image-inner wpex-relative wpex-inline-block vc_custom_1739085382208\"><img width=\"1440\" height=\"2560\" src=\"https:\/\/www.zahnloft.ch\/wp-content\/uploads\/Praxis_Aussicht-scaled.jpg\" class=\"vcex-image-img wpex-align-middle\" alt=\"Aussicht \u00fcber H\u00f6ngg auf die Europaabr\u00fccke\" loading=\"lazy\" decoding=\"async\" srcset=\"https:\/\/www.zahnloft.ch\/wp-content\/uploads\/Praxis_Aussicht-scaled.jpg 1440w, https:\/\/www.zahnloft.ch\/wp-content\/uploads\/Praxis_Aussicht-169x300.jpg 169w, https:\/\/www.zahnloft.ch\/wp-content\/uploads\/Praxis_Aussicht-576x1024.jpg 576w, https:\/\/www.zahnloft.ch\/wp-content\/uploads\/Praxis_Aussicht-768x1365.jpg 768w, https:\/\/www.zahnloft.ch\/wp-content\/uploads\/Praxis_Aussicht-864x1536.jpg 864w, https:\/\/www.zahnloft.ch\/wp-content\/uploads\/Praxis_Aussicht-1152x2048.jpg 1152w\" sizes=\"auto, (max-width: 1440px) 100vw, 1440px\" \/><\/div><\/figure>[\/vc_column][vc_column width=&#8221;2\/3&#8243;]<div class=\"vcex-heading vcex-heading-plain vcex-module wpex-h1\"><span class=\"vcex-heading-inner wpex-inline-block\">Our philosophy<\/span><\/div><div class=\"vcex-module vcex-divider vcex-divider-solid wpex-my-30 vcex-divider-left wpex-mr-auto wpex-max-w-100 wpex-block wpex-h-0 wpex-border-b wpex-border-solid wpex-border-main\" style=\"width:10%;border-color:#333333;\"><\/div>[vc_column_text css=&#8221;&#8221; font_size=&#8221;lg&#8221;]<strong>Purpose<\/strong><\/p>\n<p>We are convinced that beautiful and healthy teeth contribute to a positive attitude towards life.<\/p>\n<p><strong>Vision<\/strong><\/p>\n<p>We offer a unique customer experience of the highest quality. Our vision is to be recognised as a pioneer in aesthetic dentistry through outstanding services and a unique customer experience. We strive to help every individual achieve a healthy, radiant smile and thus make a lasting contribution to their quality of life.<\/p>\n<p><strong>Our mission<\/strong><\/p>\n<p>A state-of-the-art practice with a unique interior design. Our mission at Zahnloft is to take a leading position in aesthetic dentistry. We believe that a healthy, radiant smile boosts our patients&#8217; self-confidence and contributes to their overall quality of life.<\/p>\n<ul>\n<li>Our top priority is to achieve functional harmony between the upper and lower dental arches. With our expertise and advanced techniques, we ensure that our patients not only receive aesthetically pleasing results, but also that their teeth function optimally.<\/li>\n<li>Our patients&#8217; needs are at the centre of everything we do. We treat them with the utmost care and appreciation and create an atmosphere in which they feel like valued guests. From first contact to invoicing, we do everything we can to provide a positive and pleasant experience.<\/li>\n<\/ul>\n[\/vc_column_text]<div class=\"vcex-spacing wpex-w-100 wpex-clear\" style=\"height:30px;\"><\/div>[\/vc_column][vc_column]<div class=\"vcex-module vcex-divider vcex-divider-solid vcex-divider-center wpex-mx-auto wpex-block wpex-h-0 wpex-border-b wpex-border-solid wpex-border-main\" style=\"border-color:#a38a88;\"><\/div>[\/vc_column][\/vc_row][vc_row css_animation=&#8221;fadeInUp&#8221; column_spacing=&#8221;60&#8243; bg_style=&#8221;stretch&#8221; css=&#8221;.vc_custom_1737399964293{padding-bottom: 100px !important;}&#8221;][vc_column width=&#8221;1\/3&#8243;]<div class=\"vcex-heading vcex-heading-plain vcex-module wpex-heading wpex-text-2xl\"><span class=\"vcex-heading-inner wpex-inline-block\">Address<\/span><\/div><div class=\"vcex-module vcex-divider vcex-divider-solid wpex-my-30 vcex-divider-left wpex-mr-auto wpex-max-w-100 wpex-block wpex-h-0 wpex-border-b wpex-border-solid wpex-border-main\" style=\"width:10%;border-color:#333333;\"><\/div>[vc_column_text css=&#8221;&#8221; font_size=&#8221;lg&#8221;]Zahnloft by Dr.med.dent. Florina Jaggy<br \/>\nLimmattalstrasse 204, 8049 Z\u00fcrich<\/p>\n<p>You will find parking spaces 50 metres away in the Coop Supermarkt Z\u00fcrich H\u00f6nggermarkt<\/p>\n<p style=\"text-align: left;\">Phone: 044 342 44 11<br \/>\nMail: praxis@zahnloft.ch<\/p>\n[\/vc_column_text]<div class=\"vcex-spacing wpex-w-100 wpex-clear\" style=\"height:30px;\"><\/div><div class=\"vcex-heading vcex-heading-plain vcex-module wpex-heading wpex-text-2xl\"><span class=\"vcex-heading-inner wpex-inline-block\">Opening hours<\/span><\/div><div class=\"vcex-module vcex-divider vcex-divider-solid wpex-my-30 vcex-divider-left wpex-mr-auto wpex-max-w-100 wpex-block wpex-h-0 wpex-border-b wpex-border-solid wpex-border-main\" style=\"width:10%;border-color:#333333;\"><\/div>[vc_column_text css=&#8221;&#8221; font_size=&#8221;lg&#8221;]\n<p style=\"text-align: left;\"><strong>Monday &#8211; Friday:<br \/>\n<\/strong>08.00 &#8211; 12.00 am and 13.30 &#8211; 17.00 pm<\/p>\n<p style=\"text-align: left;\"><strong>Saturday \/ Sunday:<br \/>\n<\/strong>closed<\/p>\n[\/vc_column_text][\/vc_column][vc_column width=&#8221;2\/3&#8243;][vc_goo_maps location=&#8221;Zahnloft Z\u00fcrich \/ Zahnarztpraxis H\u00f6ngg&#8221; height=&#8221;500&#8243; zoom=&#8221;15&#8243; css=&#8221;&#8221;][\/vc_column][\/vc_row]\n<\/div>","protected":false},"excerpt":{"rendered":"<p>[vc_row css_animation=&#8221;fadeInUp&#8221; bg_style=&#8221;stretch&#8221; video_bg_overlay=&#8221;none&#8221; css=&#8221;.vc_custom_1737399945511{padding-top: 60px !important;padding-bottom: 30px !important;}&#8221;][vc_column][\/vc_column][\/vc_row][vc_row css_animation=&#8221;fadeInUp&#8221; column_spacing=&#8221;60&#8243; bg_style=&#8221;stretch&#8221; css=&#8221;.vc_custom_1737399954190{padding-top: 50px !important;padding-bottom: 10px !important;}&#8221;][vc_column width=&#8221;1\/3&#8243;][\/vc_column][vc_column width=&#8221;2\/3&#8243;][vc_column_text css=&#8221;&#8221; font_size=&#8221;lg&#8221;]Purpose We are convinced that beautiful and healthy teeth contribute to a positive attitude towards life. Vision We offer a unique customer experience of the highest quality. Our vision is to be recognised as a&hellip;<\/p>\n","protected":false},"author":1,"featured_media":0,"parent":0,"menu_order":1,"comment_status":"closed","ping_status":"closed","template":"","meta":{"_acf_changed":false,"footnotes":""},"class_list":["post-5828","page","type-page","status-publish","hentry","entry","no-media"],"acf":[],"yoast_head":"<!-- This site is optimized with the Yoast SEO plugin v26.9 - https:\/\/yoast.com\/product\/yoast-seo-wordpress\/ -->\n<title>Practice - Zahnloft by Dr. med. dent. Florina Jaggy | Z\u00fcrich-H\u00f6ngg<\/title>\n<meta name=\"description\" content=\"Practice: Learn about Zahnloft\u2019s philosophy, digital dentistry and patient-focused care in a calm, modern and friendly setting.\" \/>\n<meta name=\"robots\" content=\"index, follow, max-snippet:-1, max-image-preview:large, max-video-preview:-1\" \/>\n<link rel=\"canonical\" href=\"https:\/\/www.zahnloft.ch\/en\/practice\/\" \/>\n<meta property=\"og:locale\" content=\"en_US\" \/>\n<meta property=\"og:type\" content=\"article\" \/>\n<meta property=\"og:title\" content=\"Practice - Zahnloft by Dr. med. dent. Florina Jaggy | Z\u00fcrich-H\u00f6ngg\" \/>\n<meta property=\"og:description\" content=\"Practice: Learn about Zahnloft\u2019s philosophy, digital dentistry and patient-focused care in a calm, modern and friendly setting.\" \/>\n<meta property=\"og:url\" content=\"https:\/\/www.zahnloft.ch\/en\/practice\/\" \/>\n<meta property=\"og:site_name\" content=\"Zahnloft by Dr. med. dent. Florina Jaggy | Z\u00fcrich-H\u00f6ngg\" \/>\n<meta property=\"article:modified_time\" content=\"2025-12-23T08:54:56+00:00\" \/>\n<meta name=\"twitter:card\" content=\"summary_large_image\" \/>\n<meta name=\"twitter:label1\" content=\"Est. reading time\" \/>\n\t<meta name=\"twitter:data1\" content=\"2 minutes\" \/>\n<script type=\"application\/ld+json\" class=\"yoast-schema-graph\">{\"@context\":\"https:\/\/schema.org\",\"@graph\":[{\"@type\":\"WebPage\",\"@id\":\"https:\/\/www.zahnloft.ch\/en\/practice\/\",\"url\":\"https:\/\/www.zahnloft.ch\/en\/practice\/\",\"name\":\"Practice - Zahnloft by Dr. med. dent. Florina Jaggy | Z\u00fcrich-H\u00f6ngg\",\"isPartOf\":{\"@id\":\"https:\/\/www.zahnloft.ch\/en\/#website\"},\"datePublished\":\"2025-01-04T19:41:07+00:00\",\"dateModified\":\"2025-12-23T08:54:56+00:00\",\"description\":\"Practice: Learn about Zahnloft\u2019s philosophy, digital dentistry and patient-focused care in a calm, modern and friendly setting.\",\"breadcrumb\":{\"@id\":\"https:\/\/www.zahnloft.ch\/en\/practice\/#breadcrumb\"},\"inLanguage\":\"en-US\",\"potentialAction\":[{\"@type\":\"ReadAction\",\"target\":[\"https:\/\/www.zahnloft.ch\/en\/practice\/\"]}]},{\"@type\":\"BreadcrumbList\",\"@id\":\"https:\/\/www.zahnloft.ch\/en\/practice\/#breadcrumb\",\"itemListElement\":[{\"@type\":\"ListItem\",\"position\":1,\"name\":\"Start\",\"item\":\"https:\/\/www.zahnloft.ch\/en\/\"},{\"@type\":\"ListItem\",\"position\":2,\"name\":\"Practice\"}]},{\"@type\":\"WebSite\",\"@id\":\"https:\/\/www.zahnloft.ch\/en\/#website\",\"url\":\"https:\/\/www.zahnloft.ch\/en\/\",\"name\":\"Zahnloft by Dr. med. dent. Florina Jaggy | Z\u00fcrich-H\u00f6ngg\",\"description\":\"\",\"publisher\":{\"@id\":\"https:\/\/www.zahnloft.ch\/en\/#organization\"},\"potentialAction\":[{\"@type\":\"SearchAction\",\"target\":{\"@type\":\"EntryPoint\",\"urlTemplate\":\"https:\/\/www.zahnloft.ch\/en\/?s={search_term_string}\"},\"query-input\":{\"@type\":\"PropertyValueSpecification\",\"valueRequired\":true,\"valueName\":\"search_term_string\"}}],\"inLanguage\":\"en-US\"},{\"@type\":\"Organization\",\"@id\":\"https:\/\/www.zahnloft.ch\/en\/#organization\",\"name\":\"Zahnloft by Dr. med. dent. Florina Jaggy | Z\u00fcrich-H\u00f6ngg\",\"url\":\"https:\/\/www.zahnloft.ch\/en\/\",\"logo\":{\"@type\":\"ImageObject\",\"inLanguage\":\"en-US\",\"@id\":\"https:\/\/www.zahnloft.ch\/en\/#\/schema\/logo\/image\/\",\"url\":\"https:\/\/www.zahnloft.ch\/wp-content\/uploads\/Logo.svg\",\"contentUrl\":\"https:\/\/www.zahnloft.ch\/wp-content\/uploads\/Logo.svg\",\"caption\":\"Zahnloft by Dr. med. dent. Florina Jaggy | Z\u00fcrich-H\u00f6ngg\"},\"image\":{\"@id\":\"https:\/\/www.zahnloft.ch\/en\/#\/schema\/logo\/image\/\"}}]}<\/script>\n<!-- \/ Yoast SEO plugin. -->","yoast_head_json":{"title":"Practice - Zahnloft by Dr. med. dent. Florina Jaggy | Z\u00fcrich-H\u00f6ngg","description":"Practice: Learn about Zahnloft\u2019s philosophy, digital dentistry and patient-focused care in a calm, modern and friendly setting.","robots":{"index":"index","follow":"follow","max-snippet":"max-snippet:-1","max-image-preview":"max-image-preview:large","max-video-preview":"max-video-preview:-1"},"canonical":"https:\/\/www.zahnloft.ch\/en\/practice\/","og_locale":"en_US","og_type":"article","og_title":"Practice - Zahnloft by Dr. med. dent. Florina Jaggy | Z\u00fcrich-H\u00f6ngg","og_description":"Practice: Learn about Zahnloft\u2019s philosophy, digital dentistry and patient-focused care in a calm, modern and friendly setting.","og_url":"https:\/\/www.zahnloft.ch\/en\/practice\/","og_site_name":"Zahnloft by Dr. med. dent. Florina Jaggy | Z\u00fcrich-H\u00f6ngg","article_modified_time":"2025-12-23T08:54:56+00:00","twitter_card":"summary_large_image","twitter_misc":{"Est. reading time":"2 minutes"},"schema":{"@context":"https:\/\/schema.org","@graph":[{"@type":"WebPage","@id":"https:\/\/www.zahnloft.ch\/en\/practice\/","url":"https:\/\/www.zahnloft.ch\/en\/practice\/","name":"Practice - Zahnloft by Dr. med. dent. Florina Jaggy | Z\u00fcrich-H\u00f6ngg","isPartOf":{"@id":"https:\/\/www.zahnloft.ch\/en\/#website"},"datePublished":"2025-01-04T19:41:07+00:00","dateModified":"2025-12-23T08:54:56+00:00","description":"Practice: Learn about Zahnloft\u2019s philosophy, digital dentistry and patient-focused care in a calm, modern and friendly setting.","breadcrumb":{"@id":"https:\/\/www.zahnloft.ch\/en\/practice\/#breadcrumb"},"inLanguage":"en-US","potentialAction":[{"@type":"ReadAction","target":["https:\/\/www.zahnloft.ch\/en\/practice\/"]}]},{"@type":"BreadcrumbList","@id":"https:\/\/www.zahnloft.ch\/en\/practice\/#breadcrumb","itemListElement":[{"@type":"ListItem","position":1,"name":"Start","item":"https:\/\/www.zahnloft.ch\/en\/"},{"@type":"ListItem","position":2,"name":"Practice"}]},{"@type":"WebSite","@id":"https:\/\/www.zahnloft.ch\/en\/#website","url":"https:\/\/www.zahnloft.ch\/en\/","name":"Zahnloft by Dr. med. dent. Florina Jaggy | Z\u00fcrich-H\u00f6ngg","description":"","publisher":{"@id":"https:\/\/www.zahnloft.ch\/en\/#organization"},"potentialAction":[{"@type":"SearchAction","target":{"@type":"EntryPoint","urlTemplate":"https:\/\/www.zahnloft.ch\/en\/?s={search_term_string}"},"query-input":{"@type":"PropertyValueSpecification","valueRequired":true,"valueName":"search_term_string"}}],"inLanguage":"en-US"},{"@type":"Organization","@id":"https:\/\/www.zahnloft.ch\/en\/#organization","name":"Zahnloft by Dr. med. dent. Florina Jaggy | Z\u00fcrich-H\u00f6ngg","url":"https:\/\/www.zahnloft.ch\/en\/","logo":{"@type":"ImageObject","inLanguage":"en-US","@id":"https:\/\/www.zahnloft.ch\/en\/#\/schema\/logo\/image\/","url":"https:\/\/www.zahnloft.ch\/wp-content\/uploads\/Logo.svg","contentUrl":"https:\/\/www.zahnloft.ch\/wp-content\/uploads\/Logo.svg","caption":"Zahnloft by Dr. med. dent. Florina Jaggy | Z\u00fcrich-H\u00f6ngg"},"image":{"@id":"https:\/\/www.zahnloft.ch\/en\/#\/schema\/logo\/image\/"}}]}},"jetpack_sharing_enabled":true,"_links":{"self":[{"href":"https:\/\/www.zahnloft.ch\/en\/wp-json\/wp\/v2\/pages\/5828","targetHints":{"allow":["GET"]}}],"collection":[{"href":"https:\/\/www.zahnloft.ch\/en\/wp-json\/wp\/v2\/pages"}],"about":[{"href":"https:\/\/www.zahnloft.ch\/en\/wp-json\/wp\/v2\/types\/page"}],"author":[{"embeddable":true,"href":"https:\/\/www.zahnloft.ch\/en\/wp-json\/wp\/v2\/users\/1"}],"replies":[{"embeddable":true,"href":"https:\/\/www.zahnloft.ch\/en\/wp-json\/wp\/v2\/comments?post=5828"}],"version-history":[{"count":1,"href":"https:\/\/www.zahnloft.ch\/en\/wp-json\/wp\/v2\/pages\/5828\/revisions"}],"predecessor-version":[{"id":7027,"href":"https:\/\/www.zahnloft.ch\/en\/wp-json\/wp\/v2\/pages\/5828\/revisions\/7027"}],"wp:attachment":[{"href":"https:\/\/www.zahnloft.ch\/en\/wp-json\/wp\/v2\/media?parent=5828"}],"curies":[{"name":"wp","href":"https:\/\/api.w.org\/{rel}","templated":true}]}}