{"id":5826,"date":"2025-01-04T20:39:17","date_gmt":"2025-01-04T19:39:17","guid":{"rendered":"https:\/\/www.zahnloft.ch\/team\/"},"modified":"2025-12-23T10:18:46","modified_gmt":"2025-12-23T09:18:46","slug":"team","status":"publish","type":"page","link":"https:\/\/www.zahnloft.ch\/en\/team\/","title":{"rendered":"Team"},"content":{"rendered":"<div class=\"wpb-content-wrapper\">[vc_row css_animation=&#8221;fadeInUp&#8221; bg_style=&#8221;stretch&#8221; video_bg_overlay=&#8221;none&#8221; css=&#8221;.vc_custom_1737349521750{padding-top: 60px !important;padding-bottom: 30px !important;}&#8221;][vc_column]<style>.vcex-heading.vcex_69e2f4684ccae{color:#333333;font-size:var(--wpex-text-7xl);font-family:aileron;font-weight:700;text-transform:capitalize;}<\/style><h1 class=\"vcex-heading vcex-heading-plain vcex-module wpex-heading wpex-text-2xl wpex-text-center vcex_69e2f4684ccae\"><span class=\"vcex-heading-inner wpex-inline-block\">Team<\/span><\/h1><div class=\"vcex-module vcex-divider vcex-divider-solid wpex-my-30 vcex-divider-center wpex-mx-auto wpex-max-w-100 wpex-block wpex-h-0 wpex-border-b wpex-border-solid wpex-border-main\" style=\"width:10%;border-color:#333333;\"><\/div>[\/vc_column][\/vc_row][vc_row css_animation=&#8221;fadeInUp&#8221; css=&#8221;.vc_custom_1737349533693{padding-bottom: 100px !important;}&#8221;][vc_column width=&#8221;1\/12&#8243;][\/vc_column][vc_column width=&#8221;10\/12&#8243;]<div class=\"vcex-module vcex-staff-grid-wrap wpex-clr\"><div class=\"wpex-row vcex-staff-grid entries wpex-clr gap-30 match-height-grid\"><div class=\"staff-entry vcex-grid-item span_1_of_2 col col-1 entry post-6396 type-staff has-media cat-49 translation_priority-82\"><div class=\"staff-entry-inner entry-inner wpex-first-mt-0 wpex-last-mb-0 wpex-clr\"><div class=\"staff-entry-media entry-media wpex-relative\"><a href=\"https:\/\/www.zahnloft.ch\/wp-content\/uploads\/Team_Florina_Jaggy.jpg\" title=\"Dr. med. dent. Florina Jaggy\" class=\"staff-entry-media-link wpex-lightbox\" data-show_title=\"false\"><img width=\"395\" height=\"500\" src=\"https:\/\/www.zahnloft.ch\/wp-content\/uploads\/Team_Florina_Jaggy.jpg\" class=\"staff-entry-media-img staff-entry-img wpex-align-middle wpex-align-middle\" alt=\"Dr med. dent Florina Jaggy\" loading=\"lazy\" decoding=\"async\" srcset=\"https:\/\/www.zahnloft.ch\/wp-content\/uploads\/Team_Florina_Jaggy.jpg 395w, https:\/\/www.zahnloft.ch\/wp-content\/uploads\/Team_Florina_Jaggy-237x300.jpg 237w\" sizes=\"auto, (max-width: 395px) 100vw, 395px\" \/><\/a><\/div><div class=\"staff-entry-details entry-details wpex-p-10 wpex-first-mt-0 wpex-last-mb-0 wpex-clr\" style=\"color:#333333;background-color:#ded8c6;\"><div class=\"match-height-content\"><h2 class=\"staff-entry-title entry-title wpex-mb-5 wpex-child-inherit-color\" style=\"font-size:var(--wpex-text-lg);color:#333333;\"><a href=\"https:\/\/www.zahnloft.ch\/en\/team-item\/dr-med-dent-florina-jaggy\/\">Dr. med. dent. Florina Jaggy<\/a><\/h2><div class=\"staff-entry-excerpt entry-excerpt wpex-my-15 wpex-text-pretty wpex-last-mb-0 wpex-clr\" style=\"font-size:var(--wpex-text-lg);\"><p>Practice owner<br>\r\nFederally qualified dentist, member SSO<br>\r\nGerman &amp; English<\/p><\/div><\/div><\/div><\/div><\/div><div class=\"staff-entry vcex-grid-item span_1_of_2 col col-2 entry post-6398 type-staff has-media cat-49 translation_priority-82\"><div class=\"staff-entry-inner entry-inner wpex-first-mt-0 wpex-last-mb-0 wpex-clr\"><div class=\"staff-entry-media entry-media wpex-relative\"><a href=\"https:\/\/www.zahnloft.ch\/wp-content\/uploads\/Team_placeholder.jpg\" title=\"Dr. med. dent. Silvio Grilec\" class=\"staff-entry-media-link wpex-lightbox\" data-show_title=\"false\"><img width=\"395\" height=\"500\" src=\"https:\/\/www.zahnloft.ch\/wp-content\/uploads\/Team_placeholder.jpg\" class=\"staff-entry-media-img staff-entry-img wpex-align-middle wpex-align-middle\" alt=\"Team placeholder\" loading=\"lazy\" decoding=\"async\" srcset=\"https:\/\/www.zahnloft.ch\/wp-content\/uploads\/Team_placeholder.jpg 395w, https:\/\/www.zahnloft.ch\/wp-content\/uploads\/Team_placeholder-237x300.jpg 237w\" sizes=\"auto, (max-width: 395px) 100vw, 395px\" \/><\/a><\/div><div class=\"staff-entry-details entry-details wpex-p-10 wpex-first-mt-0 wpex-last-mb-0 wpex-clr\" style=\"color:#333333;background-color:#ded8c6;\"><div class=\"match-height-content\"><h2 class=\"staff-entry-title entry-title wpex-mb-5 wpex-child-inherit-color\" style=\"font-size:var(--wpex-text-lg);color:#333333;\"><a href=\"https:\/\/www.zahnloft.ch\/en\/team-item\/florina-jaggy\/\">Dr. med. dent. Silvio Grilec<\/a><\/h2><div class=\"staff-entry-excerpt entry-excerpt wpex-my-15 wpex-text-pretty wpex-last-mb-0 wpex-clr\" style=\"font-size:var(--wpex-text-lg);\"><p>Specialist dentist for oral surgery<br>\r\nSwiss certified dentist, member SSO<br>\r\nGerman &amp; English<\/p><\/div><\/div><\/div><\/div><\/div><div class=\"staff-entry vcex-grid-item span_1_of_2 col col-1 entry post-5860 type-staff has-media cat-49 translation_priority-82\"><div class=\"staff-entry-inner entry-inner wpex-first-mt-0 wpex-last-mb-0 wpex-clr\"><div class=\"staff-entry-media entry-media wpex-relative\"><a href=\"https:\/\/www.zahnloft.ch\/wp-content\/uploads\/Thomas-Frey-Praxisinhaber--scaled.jpg\" title=\"Thomas Frey\" class=\"staff-entry-media-link wpex-lightbox\" data-show_title=\"false\"><img width=\"1708\" height=\"2560\" src=\"https:\/\/www.zahnloft.ch\/wp-content\/uploads\/Thomas-Frey-Praxisinhaber--scaled.jpg\" class=\"staff-entry-media-img staff-entry-img wpex-align-middle wpex-align-middle\" alt=\"Thomas Frey Praxisinhaber\" loading=\"lazy\" decoding=\"async\" srcset=\"https:\/\/www.zahnloft.ch\/wp-content\/uploads\/Thomas-Frey-Praxisinhaber--scaled.jpg 1708w, https:\/\/www.zahnloft.ch\/wp-content\/uploads\/Thomas-Frey-Praxisinhaber--200x300.jpg 200w, https:\/\/www.zahnloft.ch\/wp-content\/uploads\/Thomas-Frey-Praxisinhaber--683x1024.jpg 683w, https:\/\/www.zahnloft.ch\/wp-content\/uploads\/Thomas-Frey-Praxisinhaber--768x1151.jpg 768w, https:\/\/www.zahnloft.ch\/wp-content\/uploads\/Thomas-Frey-Praxisinhaber--1025x1536.jpg 1025w, https:\/\/www.zahnloft.ch\/wp-content\/uploads\/Thomas-Frey-Praxisinhaber--1366x2048.jpg 1366w\" sizes=\"auto, (max-width: 1708px) 100vw, 1708px\" \/><\/a><\/div><div class=\"staff-entry-details entry-details wpex-p-10 wpex-first-mt-0 wpex-last-mb-0 wpex-clr\" style=\"color:#333333;background-color:#ded8c6;\"><div class=\"match-height-content\"><h2 class=\"staff-entry-title entry-title wpex-mb-5 wpex-child-inherit-color\" style=\"font-size:var(--wpex-text-lg);color:#333333;\"><a href=\"https:\/\/www.zahnloft.ch\/en\/team-item\/thomas-frey\/\">Thomas Frey<\/a><\/h2><div class=\"staff-entry-excerpt entry-excerpt wpex-my-15 wpex-text-pretty wpex-last-mb-0 wpex-clr\" style=\"font-size:var(--wpex-text-lg);\"><p>Operations &amp; Marketing<\/p><\/div><\/div><\/div><\/div><\/div><div class=\"staff-entry vcex-grid-item span_1_of_2 col col-2 entry post-5857 type-staff has-media cat-49 translation_priority-82\"><div class=\"staff-entry-inner entry-inner wpex-first-mt-0 wpex-last-mb-0 wpex-clr\"><div class=\"staff-entry-media entry-media wpex-relative\"><a href=\"https:\/\/www.zahnloft.ch\/wp-content\/uploads\/Corina-Miranda-Dentalhygienikerin--scaled.jpg\" title=\"Monika Weber\" class=\"staff-entry-media-link wpex-lightbox\" data-show_title=\"false\"><img width=\"1708\" height=\"2560\" src=\"https:\/\/www.zahnloft.ch\/wp-content\/uploads\/Corina-Miranda-Dentalhygienikerin--scaled.jpg\" class=\"staff-entry-media-img staff-entry-img wpex-align-middle wpex-align-middle\" alt=\"Corina Miranda Dentalhygienikerin\" loading=\"lazy\" decoding=\"async\" srcset=\"https:\/\/www.zahnloft.ch\/wp-content\/uploads\/Corina-Miranda-Dentalhygienikerin--scaled.jpg 1708w, https:\/\/www.zahnloft.ch\/wp-content\/uploads\/Corina-Miranda-Dentalhygienikerin--200x300.jpg 200w, https:\/\/www.zahnloft.ch\/wp-content\/uploads\/Corina-Miranda-Dentalhygienikerin--683x1024.jpg 683w, https:\/\/www.zahnloft.ch\/wp-content\/uploads\/Corina-Miranda-Dentalhygienikerin--768x1151.jpg 768w, https:\/\/www.zahnloft.ch\/wp-content\/uploads\/Corina-Miranda-Dentalhygienikerin--1025x1536.jpg 1025w, https:\/\/www.zahnloft.ch\/wp-content\/uploads\/Corina-Miranda-Dentalhygienikerin--1366x2048.jpg 1366w\" sizes=\"auto, (max-width: 1708px) 100vw, 1708px\" \/><\/a><\/div><div class=\"staff-entry-details entry-details wpex-p-10 wpex-first-mt-0 wpex-last-mb-0 wpex-clr\" style=\"color:#333333;background-color:#ded8c6;\"><div class=\"match-height-content\"><h2 class=\"staff-entry-title entry-title wpex-mb-5 wpex-child-inherit-color\" style=\"font-size:var(--wpex-text-lg);color:#333333;\"><a href=\"https:\/\/www.zahnloft.ch\/en\/team-item\/monika-weber\/\">Monika Weber<\/a><\/h2><div class=\"staff-entry-excerpt entry-excerpt wpex-my-15 wpex-text-pretty wpex-last-mb-0 wpex-clr\" style=\"font-size:var(--wpex-text-lg);\"><p>Dental hygienist EFZ<\/p><\/div><\/div><\/div><\/div><\/div><div class=\"staff-entry vcex-grid-item span_1_of_2 col col-1 entry post-5859 type-staff has-media cat-49 translation_priority-82\"><div class=\"staff-entry-inner entry-inner wpex-first-mt-0 wpex-last-mb-0 wpex-clr\"><div class=\"staff-entry-media entry-media wpex-relative\"><a href=\"https:\/\/www.zahnloft.ch\/wp-content\/uploads\/Team_Eveline_Ammann.jpg\" title=\"Eveline Ammann\" class=\"staff-entry-media-link wpex-lightbox\" data-show_title=\"false\"><img width=\"395\" height=\"500\" src=\"https:\/\/www.zahnloft.ch\/wp-content\/uploads\/Team_Eveline_Ammann.jpg\" class=\"staff-entry-media-img staff-entry-img wpex-align-middle wpex-align-middle\" alt=\"Eveline Ammann\" loading=\"lazy\" decoding=\"async\" srcset=\"https:\/\/www.zahnloft.ch\/wp-content\/uploads\/Team_Eveline_Ammann.jpg 395w, https:\/\/www.zahnloft.ch\/wp-content\/uploads\/Team_Eveline_Ammann-237x300.jpg 237w\" sizes=\"auto, (max-width: 395px) 100vw, 395px\" \/><\/a><\/div><div class=\"staff-entry-details entry-details wpex-p-10 wpex-first-mt-0 wpex-last-mb-0 wpex-clr\" style=\"color:#333333;background-color:#ded8c6;\"><div class=\"match-height-content\"><h2 class=\"staff-entry-title entry-title wpex-mb-5 wpex-child-inherit-color\" style=\"font-size:var(--wpex-text-lg);color:#333333;\"><a href=\"https:\/\/www.zahnloft.ch\/en\/team-item\/eveline-ammann\/\">Eveline Ammann<\/a><\/h2><div class=\"staff-entry-excerpt entry-excerpt wpex-my-15 wpex-text-pretty wpex-last-mb-0 wpex-clr\" style=\"font-size:var(--wpex-text-lg);\"><p>Prophylaxis assistant \/ Dental assistant EFZ<\/p><\/div><\/div><\/div><\/div><\/div><div class=\"staff-entry vcex-grid-item span_1_of_2 col col-2 entry post-5858 type-staff has-media cat-49 translation_priority-82\"><div class=\"staff-entry-inner entry-inner wpex-first-mt-0 wpex-last-mb-0 wpex-clr\"><div class=\"staff-entry-media entry-media wpex-relative\"><a href=\"https:\/\/www.zahnloft.ch\/wp-content\/uploads\/2025_09_15_Zahnloft2443_bySIMEONWAELTISTUDIOS-scaled.jpg\" title=\"Rupiga Kumar\" class=\"staff-entry-media-link wpex-lightbox\" data-show_title=\"false\"><img width=\"1708\" height=\"2560\" src=\"https:\/\/www.zahnloft.ch\/wp-content\/uploads\/2025_09_15_Zahnloft2443_bySIMEONWAELTISTUDIOS-scaled.jpg\" class=\"staff-entry-media-img staff-entry-img wpex-align-middle wpex-align-middle\" alt=\"\" loading=\"lazy\" decoding=\"async\" srcset=\"https:\/\/www.zahnloft.ch\/wp-content\/uploads\/2025_09_15_Zahnloft2443_bySIMEONWAELTISTUDIOS-scaled.jpg 1708w, https:\/\/www.zahnloft.ch\/wp-content\/uploads\/2025_09_15_Zahnloft2443_bySIMEONWAELTISTUDIOS-200x300.jpg 200w, https:\/\/www.zahnloft.ch\/wp-content\/uploads\/2025_09_15_Zahnloft2443_bySIMEONWAELTISTUDIOS-683x1024.jpg 683w, https:\/\/www.zahnloft.ch\/wp-content\/uploads\/2025_09_15_Zahnloft2443_bySIMEONWAELTISTUDIOS-768x1151.jpg 768w, https:\/\/www.zahnloft.ch\/wp-content\/uploads\/2025_09_15_Zahnloft2443_bySIMEONWAELTISTUDIOS-1025x1536.jpg 1025w, https:\/\/www.zahnloft.ch\/wp-content\/uploads\/2025_09_15_Zahnloft2443_bySIMEONWAELTISTUDIOS-1366x2048.jpg 1366w\" sizes=\"auto, (max-width: 1708px) 100vw, 1708px\" \/><\/a><\/div><div class=\"staff-entry-details entry-details wpex-p-10 wpex-first-mt-0 wpex-last-mb-0 wpex-clr\" style=\"color:#333333;background-color:#ded8c6;\"><div class=\"match-height-content\"><h2 class=\"staff-entry-title entry-title wpex-mb-5 wpex-child-inherit-color\" style=\"font-size:var(--wpex-text-lg);color:#333333;\"><a href=\"https:\/\/www.zahnloft.ch\/en\/team-item\/rupiga-kumar\/\">Rupiga Kumar<\/a><\/h2><div class=\"staff-entry-excerpt entry-excerpt wpex-my-15 wpex-text-pretty wpex-last-mb-0 wpex-clr\" style=\"font-size:var(--wpex-text-lg);\"><p>Dental assistant EFZ<\/p><\/div><\/div><\/div><\/div><\/div><div class=\"staff-entry vcex-grid-item span_1_of_2 col col-1 entry post-5861 type-staff has-media cat-49 translation_priority-82\"><div class=\"staff-entry-inner entry-inner wpex-first-mt-0 wpex-last-mb-0 wpex-clr\"><div class=\"staff-entry-media entry-media wpex-relative\"><a href=\"https:\/\/www.zahnloft.ch\/wp-content\/uploads\/Dalipi-Gijlser-Dentalassistetin--scaled.jpg\" title=\"Fatima Da Costa\" class=\"staff-entry-media-link wpex-lightbox\" data-show_title=\"false\"><img width=\"1708\" height=\"2560\" src=\"https:\/\/www.zahnloft.ch\/wp-content\/uploads\/Dalipi-Gijlser-Dentalassistetin--scaled.jpg\" class=\"staff-entry-media-img staff-entry-img wpex-align-middle wpex-align-middle\" alt=\"Dalipi Gijlser Dentalassistentin\" loading=\"lazy\" decoding=\"async\" srcset=\"https:\/\/www.zahnloft.ch\/wp-content\/uploads\/Dalipi-Gijlser-Dentalassistetin--scaled.jpg 1708w, https:\/\/www.zahnloft.ch\/wp-content\/uploads\/Dalipi-Gijlser-Dentalassistetin--200x300.jpg 200w, https:\/\/www.zahnloft.ch\/wp-content\/uploads\/Dalipi-Gijlser-Dentalassistetin--683x1024.jpg 683w, https:\/\/www.zahnloft.ch\/wp-content\/uploads\/Dalipi-Gijlser-Dentalassistetin--768x1151.jpg 768w, https:\/\/www.zahnloft.ch\/wp-content\/uploads\/Dalipi-Gijlser-Dentalassistetin--1025x1536.jpg 1025w, https:\/\/www.zahnloft.ch\/wp-content\/uploads\/Dalipi-Gijlser-Dentalassistetin--1366x2048.jpg 1366w\" sizes=\"auto, (max-width: 1708px) 100vw, 1708px\" \/><\/a><\/div><div class=\"staff-entry-details entry-details wpex-p-10 wpex-first-mt-0 wpex-last-mb-0 wpex-clr\" style=\"color:#333333;background-color:#ded8c6;\"><div class=\"match-height-content\"><h2 class=\"staff-entry-title entry-title wpex-mb-5 wpex-child-inherit-color\" style=\"font-size:var(--wpex-text-lg);color:#333333;\"><a href=\"https:\/\/www.zahnloft.ch\/en\/team-item\/fatima-da-costa\/\">Fatima Da Costa<\/a><\/h2><div class=\"staff-entry-excerpt entry-excerpt wpex-my-15 wpex-text-pretty wpex-last-mb-0 wpex-clr\" style=\"font-size:var(--wpex-text-lg);\"><p>Cleaner<\/p><\/div><\/div><\/div><\/div><\/div><\/div><\/div>[\/vc_column][vc_column width=&#8221;1\/12&#8243;][\/vc_column][\/vc_row]\n<\/div>","protected":false},"excerpt":{"rendered":"<p>[vc_row css_animation=&#8221;fadeInUp&#8221; bg_style=&#8221;stretch&#8221; video_bg_overlay=&#8221;none&#8221; css=&#8221;.vc_custom_1737349521750{padding-top: 60px !important;padding-bottom: 30px !important;}&#8221;][vc_column][\/vc_column][\/vc_row][vc_row css_animation=&#8221;fadeInUp&#8221; css=&#8221;.vc_custom_1737349533693{padding-bottom: 100px !important;}&#8221;][vc_column width=&#8221;1\/12&#8243;][\/vc_column][vc_column width=&#8221;10\/12&#8243;][\/vc_column][vc_column width=&#8221;1\/12&#8243;][\/vc_column][\/vc_row]<\/p>\n","protected":false},"author":1,"featured_media":0,"parent":0,"menu_order":24,"comment_status":"closed","ping_status":"closed","template":"","meta":{"_acf_changed":false,"footnotes":""},"class_list":["post-5826","page","type-page","status-publish","hentry","entry","has-media"],"acf":[],"yoast_head":"<!-- This site is optimized with the Yoast SEO plugin v26.9 - https:\/\/yoast.com\/product\/yoast-seo-wordpress\/ -->\n<title>Lernen Sie das Zahnloft Team in Z\u00fcrich-H\u00f6ngg kennen<\/title>\n<meta name=\"description\" content=\"Ihr Zahnloft Team in Z\u00fcrich-H\u00f6ngg: professionelle Zahn\u00e4rzte und engagiertes Fachpersonal, die sich um Ihre Gesundheit &amp; Ihr L\u00e4cheln k\u00fcmmern.\" \/>\n<meta name=\"robots\" content=\"index, follow, max-snippet:-1, max-image-preview:large, max-video-preview:-1\" \/>\n<link rel=\"canonical\" href=\"https:\/\/www.zahnloft.ch\/en\/team\/\" \/>\n<meta property=\"og:locale\" content=\"en_US\" \/>\n<meta property=\"og:type\" content=\"article\" \/>\n<meta property=\"og:title\" content=\"Lernen Sie das Zahnloft Team in Z\u00fcrich-H\u00f6ngg kennen\" \/>\n<meta property=\"og:description\" content=\"Ihr Zahnloft Team in Z\u00fcrich-H\u00f6ngg: professionelle Zahn\u00e4rzte und engagiertes Fachpersonal, die sich um Ihre Gesundheit &amp; Ihr L\u00e4cheln k\u00fcmmern.\" \/>\n<meta property=\"og:url\" content=\"https:\/\/www.zahnloft.ch\/en\/team\/\" \/>\n<meta property=\"og:site_name\" content=\"Zahnloft by Dr. med. dent. Florina Jaggy | Z\u00fcrich-H\u00f6ngg\" \/>\n<meta property=\"article:modified_time\" content=\"2025-12-23T09:18:46+00:00\" \/>\n<meta name=\"twitter:card\" content=\"summary_large_image\" \/>\n<meta name=\"twitter:label1\" content=\"Est. reading time\" \/>\n\t<meta name=\"twitter:data1\" content=\"1 minute\" \/>\n<script type=\"application\/ld+json\" class=\"yoast-schema-graph\">{\"@context\":\"https:\/\/schema.org\",\"@graph\":[{\"@type\":\"WebPage\",\"@id\":\"https:\/\/www.zahnloft.ch\/en\/team\/\",\"url\":\"https:\/\/www.zahnloft.ch\/en\/team\/\",\"name\":\"Lernen Sie das Zahnloft Team in Z\u00fcrich-H\u00f6ngg kennen\",\"isPartOf\":{\"@id\":\"https:\/\/www.zahnloft.ch\/en\/#website\"},\"datePublished\":\"2025-01-04T19:39:17+00:00\",\"dateModified\":\"2025-12-23T09:18:46+00:00\",\"description\":\"Ihr Zahnloft Team in Z\u00fcrich-H\u00f6ngg: professionelle Zahn\u00e4rzte und engagiertes Fachpersonal, die sich um Ihre Gesundheit & Ihr L\u00e4cheln k\u00fcmmern.\",\"breadcrumb\":{\"@id\":\"https:\/\/www.zahnloft.ch\/en\/team\/#breadcrumb\"},\"inLanguage\":\"en-US\",\"potentialAction\":[{\"@type\":\"ReadAction\",\"target\":[\"https:\/\/www.zahnloft.ch\/en\/team\/\"]}]},{\"@type\":\"BreadcrumbList\",\"@id\":\"https:\/\/www.zahnloft.ch\/en\/team\/#breadcrumb\",\"itemListElement\":[{\"@type\":\"ListItem\",\"position\":1,\"name\":\"Start\",\"item\":\"https:\/\/www.zahnloft.ch\/en\/\"},{\"@type\":\"ListItem\",\"position\":2,\"name\":\"Team\"}]},{\"@type\":\"WebSite\",\"@id\":\"https:\/\/www.zahnloft.ch\/en\/#website\",\"url\":\"https:\/\/www.zahnloft.ch\/en\/\",\"name\":\"Zahnloft by Dr. med. dent. Florina Jaggy | Z\u00fcrich-H\u00f6ngg\",\"description\":\"\",\"publisher\":{\"@id\":\"https:\/\/www.zahnloft.ch\/en\/#organization\"},\"potentialAction\":[{\"@type\":\"SearchAction\",\"target\":{\"@type\":\"EntryPoint\",\"urlTemplate\":\"https:\/\/www.zahnloft.ch\/en\/?s={search_term_string}\"},\"query-input\":{\"@type\":\"PropertyValueSpecification\",\"valueRequired\":true,\"valueName\":\"search_term_string\"}}],\"inLanguage\":\"en-US\"},{\"@type\":\"Organization\",\"@id\":\"https:\/\/www.zahnloft.ch\/en\/#organization\",\"name\":\"Zahnloft by Dr. med. dent. Florina Jaggy | Z\u00fcrich-H\u00f6ngg\",\"url\":\"https:\/\/www.zahnloft.ch\/en\/\",\"logo\":{\"@type\":\"ImageObject\",\"inLanguage\":\"en-US\",\"@id\":\"https:\/\/www.zahnloft.ch\/en\/#\/schema\/logo\/image\/\",\"url\":\"https:\/\/www.zahnloft.ch\/wp-content\/uploads\/Logo.svg\",\"contentUrl\":\"https:\/\/www.zahnloft.ch\/wp-content\/uploads\/Logo.svg\",\"caption\":\"Zahnloft by Dr. med. dent. Florina Jaggy | Z\u00fcrich-H\u00f6ngg\"},\"image\":{\"@id\":\"https:\/\/www.zahnloft.ch\/en\/#\/schema\/logo\/image\/\"}}]}<\/script>\n<!-- \/ Yoast SEO plugin. -->","yoast_head_json":{"title":"Lernen Sie das Zahnloft Team in Z\u00fcrich-H\u00f6ngg kennen","description":"Ihr Zahnloft Team in Z\u00fcrich-H\u00f6ngg: professionelle Zahn\u00e4rzte und engagiertes Fachpersonal, die sich um Ihre Gesundheit & Ihr L\u00e4cheln k\u00fcmmern.","robots":{"index":"index","follow":"follow","max-snippet":"max-snippet:-1","max-image-preview":"max-image-preview:large","max-video-preview":"max-video-preview:-1"},"canonical":"https:\/\/www.zahnloft.ch\/en\/team\/","og_locale":"en_US","og_type":"article","og_title":"Lernen Sie das Zahnloft Team in Z\u00fcrich-H\u00f6ngg kennen","og_description":"Ihr Zahnloft Team in Z\u00fcrich-H\u00f6ngg: professionelle Zahn\u00e4rzte und engagiertes Fachpersonal, die sich um Ihre Gesundheit & Ihr L\u00e4cheln k\u00fcmmern.","og_url":"https:\/\/www.zahnloft.ch\/en\/team\/","og_site_name":"Zahnloft by Dr. med. dent. Florina Jaggy | Z\u00fcrich-H\u00f6ngg","article_modified_time":"2025-12-23T09:18:46+00:00","twitter_card":"summary_large_image","twitter_misc":{"Est. reading time":"1 minute"},"schema":{"@context":"https:\/\/schema.org","@graph":[{"@type":"WebPage","@id":"https:\/\/www.zahnloft.ch\/en\/team\/","url":"https:\/\/www.zahnloft.ch\/en\/team\/","name":"Lernen Sie das Zahnloft Team in Z\u00fcrich-H\u00f6ngg kennen","isPartOf":{"@id":"https:\/\/www.zahnloft.ch\/en\/#website"},"datePublished":"2025-01-04T19:39:17+00:00","dateModified":"2025-12-23T09:18:46+00:00","description":"Ihr Zahnloft Team in Z\u00fcrich-H\u00f6ngg: professionelle Zahn\u00e4rzte und engagiertes Fachpersonal, die sich um Ihre Gesundheit & Ihr L\u00e4cheln k\u00fcmmern.","breadcrumb":{"@id":"https:\/\/www.zahnloft.ch\/en\/team\/#breadcrumb"},"inLanguage":"en-US","potentialAction":[{"@type":"ReadAction","target":["https:\/\/www.zahnloft.ch\/en\/team\/"]}]},{"@type":"BreadcrumbList","@id":"https:\/\/www.zahnloft.ch\/en\/team\/#breadcrumb","itemListElement":[{"@type":"ListItem","position":1,"name":"Start","item":"https:\/\/www.zahnloft.ch\/en\/"},{"@type":"ListItem","position":2,"name":"Team"}]},{"@type":"WebSite","@id":"https:\/\/www.zahnloft.ch\/en\/#website","url":"https:\/\/www.zahnloft.ch\/en\/","name":"Zahnloft by Dr. med. dent. Florina Jaggy | Z\u00fcrich-H\u00f6ngg","description":"","publisher":{"@id":"https:\/\/www.zahnloft.ch\/en\/#organization"},"potentialAction":[{"@type":"SearchAction","target":{"@type":"EntryPoint","urlTemplate":"https:\/\/www.zahnloft.ch\/en\/?s={search_term_string}"},"query-input":{"@type":"PropertyValueSpecification","valueRequired":true,"valueName":"search_term_string"}}],"inLanguage":"en-US"},{"@type":"Organization","@id":"https:\/\/www.zahnloft.ch\/en\/#organization","name":"Zahnloft by Dr. med. dent. Florina Jaggy | Z\u00fcrich-H\u00f6ngg","url":"https:\/\/www.zahnloft.ch\/en\/","logo":{"@type":"ImageObject","inLanguage":"en-US","@id":"https:\/\/www.zahnloft.ch\/en\/#\/schema\/logo\/image\/","url":"https:\/\/www.zahnloft.ch\/wp-content\/uploads\/Logo.svg","contentUrl":"https:\/\/www.zahnloft.ch\/wp-content\/uploads\/Logo.svg","caption":"Zahnloft by Dr. med. dent. Florina Jaggy | Z\u00fcrich-H\u00f6ngg"},"image":{"@id":"https:\/\/www.zahnloft.ch\/en\/#\/schema\/logo\/image\/"}}]}},"jetpack_sharing_enabled":true,"_links":{"self":[{"href":"https:\/\/www.zahnloft.ch\/en\/wp-json\/wp\/v2\/pages\/5826","targetHints":{"allow":["GET"]}}],"collection":[{"href":"https:\/\/www.zahnloft.ch\/en\/wp-json\/wp\/v2\/pages"}],"about":[{"href":"https:\/\/www.zahnloft.ch\/en\/wp-json\/wp\/v2\/types\/page"}],"author":[{"embeddable":true,"href":"https:\/\/www.zahnloft.ch\/en\/wp-json\/wp\/v2\/users\/1"}],"replies":[{"embeddable":true,"href":"https:\/\/www.zahnloft.ch\/en\/wp-json\/wp\/v2\/comments?post=5826"}],"version-history":[{"count":1,"href":"https:\/\/www.zahnloft.ch\/en\/wp-json\/wp\/v2\/pages\/5826\/revisions"}],"predecessor-version":[{"id":6966,"href":"https:\/\/www.zahnloft.ch\/en\/wp-json\/wp\/v2\/pages\/5826\/revisions\/6966"}],"wp:attachment":[{"href":"https:\/\/www.zahnloft.ch\/en\/wp-json\/wp\/v2\/media?parent=5826"}],"curies":[{"name":"wp","href":"https:\/\/api.w.org\/{rel}","templated":true}]}}