{"id":5820,"date":"2013-11-26T04:10:02","date_gmt":"2013-11-26T03:10:02","guid":{"rendered":"https:\/\/www.zahnloft.ch\/home\/"},"modified":"2025-12-23T09:23:20","modified_gmt":"2025-12-23T08:23:20","slug":"home","status":"publish","type":"page","link":"https:\/\/www.zahnloft.ch\/en\/","title":{"rendered":"Home"},"content":{"rendered":"<div class=\"wpb-content-wrapper\">[vc_row css_animation=&#8221;fadeInUp&#8221; column_spacing=&#8221;60&#8243; bg_style=&#8221;stretch&#8221; css=&#8221;.vc_custom_1737399981863{padding-top: 50px !important;padding-bottom: 10px !important;}&#8221;][vc_column]<h1 class=\"vcex-heading vcex-heading-plain vcex-module wpex-h1\"><span class=\"vcex-heading-inner wpex-inline-block\">Welcome to the Zahnloft dental practice<\/span><\/h1><div class=\"vcex-module vcex-divider vcex-divider-solid wpex-my-30 vcex-divider-left wpex-mr-auto wpex-max-w-100 wpex-block wpex-h-0 wpex-border-b wpex-border-solid wpex-border-main\" style=\"width:10%;border-color:#333333;\"><\/div>[vc_column_text css=&#8221;&#8221; font_size=&#8221;lg&#8221;]The dental practice looks back on a long dental tradition at this location. Since 1990, patients have been able to rely on excellent dental care and the highest quality craftsmanship. With the takeover by <strong>Dr. med. dent. Florina Jaggy<\/strong>, this tradition is now being passed on to a new generation &#8211; with modern standards and the same commitment to your dental health.<\/p>\n<p>At Zahnloft, customised dentistry means not only precision, but above all putting you as a person at the centre. We don&#8217;t just see your teeth &#8211; we listen to you, take time to listen to your wishes and do everything we can to understand your individual needs.<\/p>\n<p>Together we will create an authentic version of your best smile that you can be proud of. Welcome to Zahnloft &#8211; your dental practice that combines tradition and modernity.[\/vc_column_text]<div class=\"vcex-spacing wpex-w-100 wpex-clear\" style=\"height:50px;\"><\/div><div class=\"vcex-module vcex-divider vcex-divider-solid vcex-divider-center wpex-mx-auto wpex-block wpex-h-0 wpex-border-b wpex-border-solid wpex-border-main\" style=\"border-color:#333333;\"><\/div>[\/vc_column][\/vc_row][vc_row css_animation=&#8221;fadeInUp&#8221; column_spacing=&#8221;60&#8243; bg_style=&#8221;stretch&#8221; css=&#8221;.vc_custom_1741293006982{padding-bottom: 50px !important;}&#8221;][vc_column width=&#8221;1\/3&#8243;]<div class=\"vcex-heading vcex-heading-plain vcex-module wpex-heading wpex-text-2xl\"><span class=\"vcex-heading-inner wpex-inline-block\">Address<\/span><\/div><div class=\"vcex-module vcex-divider vcex-divider-solid wpex-my-30 vcex-divider-left wpex-mr-auto wpex-max-w-100 wpex-block wpex-h-0 wpex-border-b wpex-border-solid wpex-border-main\" style=\"width:10%;border-color:#333333;\"><\/div>[vc_column_text css=&#8221;&#8221; font_size=&#8221;lg&#8221;]Zahnloft by Dr.med.dent. Florina Jaggy<br \/>\nLimmattalstrasse 204, 8049 Z\u00fcrich<\/p>\n<p>You will find parking spaces 50 metres away in the Coop Supermarkt Z\u00fcrich H\u00f6nggermarkt<\/p>\n<p style=\"text-align: left;\">Phone: 044 342 44 11<br \/>\nMail: praxis@zahnloft.ch<\/p>\n[\/vc_column_text]<div class=\"vcex-spacing wpex-w-100 wpex-clear\" style=\"height:30px;\"><\/div><div class=\"vcex-heading vcex-heading-plain vcex-module wpex-heading wpex-text-2xl\"><span class=\"vcex-heading-inner wpex-inline-block\">Opening hours<\/span><\/div><div class=\"vcex-module vcex-divider vcex-divider-solid wpex-my-30 vcex-divider-left wpex-mr-auto wpex-max-w-100 wpex-block wpex-h-0 wpex-border-b wpex-border-solid wpex-border-main\" style=\"width:10%;border-color:#333333;\"><\/div>[vc_column_text css=&#8221;&#8221; font_size=&#8221;lg&#8221;]\n<p style=\"text-align: left;\"><strong>Monday &#8211; Friday:<br \/>\n<\/strong>08.00 &#8211; 12.00 am and 13.30 &#8211; 17.00 pm<\/p>\n<p style=\"text-align: left;\"><strong>Saturday \/ Sunday:<br \/>\n<\/strong>closed<\/p>\n[\/vc_column_text][\/vc_column][vc_column width=&#8221;2\/3&#8243;][vc_goo_maps location=&#8221;Zahnloft Z\u00fcrich \/ Zahnarztpraxis H\u00f6ngg&#8221; height=&#8221;500&#8243; zoom=&#8221;15&#8243; css=&#8221;&#8221;][\/vc_column][\/vc_row][vc_row css_animation=&#8221;fadeInUp&#8221; column_spacing=&#8221;60&#8243; bg_style=&#8221;stretch&#8221; css=&#8221;.vc_custom_1737399986742{padding-bottom: 100px !important;}&#8221;][vc_column]<div class=\"vcex-module vcex-divider vcex-divider-solid vcex-divider-center wpex-mx-auto wpex-block wpex-h-0 wpex-border-b wpex-border-solid wpex-border-main\" style=\"border-color:#333333;\"><\/div><div class=\"vcex-spacing wpex-w-100 wpex-clear\" style=\"height:30px;\"><\/div><style>.vcex-image.vcex_69e2e1faa2016 .vcex-image-inner{max-width:200px;}<\/style><figure class=\"vcex-image vcex-module wpex-text-center vcex_69e2e1faa2016\"><div class=\"vcex-image-inner wpex-relative wpex-inline-block\"><img width=\"1818\" height=\"1127\" src=\"https:\/\/www.zahnloft.ch\/wp-content\/uploads\/2025\/01\/SSO_Logo_vertikal_schwarz_300ppi.png\" class=\"vcex-image-img wpex-align-middle\" alt=\"Logo SSO\" loading=\"lazy\" decoding=\"async\" srcset=\"https:\/\/www.zahnloft.ch\/wp-content\/uploads\/2025\/01\/SSO_Logo_vertikal_schwarz_300ppi.png 1818w, https:\/\/www.zahnloft.ch\/wp-content\/uploads\/2025\/01\/SSO_Logo_vertikal_schwarz_300ppi-300x186.png 300w, https:\/\/www.zahnloft.ch\/wp-content\/uploads\/2025\/01\/SSO_Logo_vertikal_schwarz_300ppi-1024x635.png 1024w, https:\/\/www.zahnloft.ch\/wp-content\/uploads\/2025\/01\/SSO_Logo_vertikal_schwarz_300ppi-768x476.png 768w, https:\/\/www.zahnloft.ch\/wp-content\/uploads\/2025\/01\/SSO_Logo_vertikal_schwarz_300ppi-1536x952.png 1536w, https:\/\/www.zahnloft.ch\/wp-content\/uploads\/2025\/01\/SSO_Logo_vertikal_schwarz_300ppi-600x372.png 600w\" sizes=\"auto, (max-width: 1818px) 100vw, 1818px\" \/><\/div><\/figure>[\/vc_column][\/vc_row][vc_row css_animation=&#8221;fadeInUp&#8221; column_spacing=&#8221;60&#8243; bg_style=&#8221;stretch&#8221; css=&#8221;.vc_custom_1737349440719{padding-bottom: 100px !important;}&#8221;][vc_column width=&#8221;1\/3&#8243;]<div class=\"vcex-heading vcex-heading-plain vcex-module wpex-heading wpex-text-2xl\"><span class=\"vcex-heading-inner wpex-inline-block\">Adresse<\/span><\/div><div class=\"vcex-module vcex-divider vcex-divider-solid wpex-my-30 vcex-divider-left wpex-mr-auto wpex-max-w-100 wpex-block wpex-h-0 wpex-border-b wpex-border-solid wpex-border-main\" style=\"width:10%;border-color:#333333;\"><\/div>[vc_column_text css=&#8221;&#8221; font_size=&#8221;lg&#8221;]Zahnloft by Dr. med. dent. Florina Jaggy<br \/>\nLimmattalstrasse 204, 8049 Z\u00fcrich<\/p>\n<p>Parkpl\u00e4tze finden Sie 50m entfernt im Coop Supermarkt Z\u00fcrich H\u00f6nggermarkt<\/p>\n<p style=\"text-align: left;\">Telefon: 044 342 44 11<br \/>\nMail: praxis@zahnloft.ch<\/p>\n[\/vc_column_text]<div class=\"vcex-spacing wpex-w-100 wpex-clear\" style=\"height:30px;\"><\/div><div class=\"vcex-heading vcex-heading-plain vcex-module wpex-heading wpex-text-2xl\"><span class=\"vcex-heading-inner wpex-inline-block\">\u00d6ffnungszeiten<\/span><\/div><div class=\"vcex-module vcex-divider vcex-divider-solid wpex-my-30 vcex-divider-left wpex-mr-auto wpex-max-w-100 wpex-block wpex-h-0 wpex-border-b wpex-border-solid wpex-border-main\" style=\"width:10%;border-color:#333333;\"><\/div>[vc_column_text css=&#8221;&#8221; font_size=&#8221;lg&#8221;]\n<p style=\"text-align: left;\"><strong>Montag &#8211; Freitag:<br \/>\n<\/strong>08.00 &#8211; 12.00 Uhr und 13.30 &#8211; 17.00 Uhr<\/p>\n<p style=\"text-align: left;\"><strong>Samstag \/ Sonntag:<br \/>\n<\/strong>geschlossen<\/p>\n[\/vc_column_text][\/vc_column][vc_column width=&#8221;2\/3&#8243;][vc_goo_maps location=&#8221;Zahnloft Z\u00fcrich \/ Zahnarztpraxis H\u00f6ngg&#8221; height=&#8221;500&#8243; zoom=&#8221;15&#8243; css=&#8221;&#8221;][\/vc_column][\/vc_row]\n<\/div>","protected":false},"excerpt":{"rendered":"<p>[vc_row css_animation=&#8221;fadeInUp&#8221; column_spacing=&#8221;60&#8243; bg_style=&#8221;stretch&#8221; css=&#8221;.vc_custom_1737399981863{padding-top: 50px !important;padding-bottom: 10px !important;}&#8221;][vc_column][vc_column_text css=&#8221;&#8221; font_size=&#8221;lg&#8221;]The dental practice looks back on a long dental tradition at this location. Since 1990, patients have been able to rely on excellent dental care and the highest quality craftsmanship. With the takeover by Dr. med. dent. Florina Jaggy, this tradition is now being passed&hellip;<\/p>\n","protected":false},"author":1,"featured_media":0,"parent":0,"menu_order":0,"comment_status":"closed","ping_status":"closed","template":"","meta":{"_acf_changed":false,"footnotes":""},"class_list":["post-5820","page","type-page","status-publish","hentry","entry","no-media"],"acf":[],"yoast_head":"<!-- This site is optimized with the Yoast SEO plugin v26.9 - https:\/\/yoast.com\/product\/yoast-seo-wordpress\/ -->\n<title>Zahnloft by Dr. med. dent. Florina Jaggy | Z\u00fcrich-H\u00f6ngg<\/title>\n<meta name=\"description\" content=\"For Zahnloft in Zurich-H\u00f6ngg, customised dentistry means not only precision, but above all putting you as a person at the centre.\" \/>\n<meta name=\"robots\" content=\"index, follow, max-snippet:-1, max-image-preview:large, max-video-preview:-1\" \/>\n<link rel=\"canonical\" href=\"https:\/\/www.zahnloft.ch\/en\/\" \/>\n<meta property=\"og:locale\" content=\"en_US\" \/>\n<meta property=\"og:type\" content=\"article\" \/>\n<meta property=\"og:title\" content=\"Zahnloft by Dr. med. dent. Florina Jaggy | Z\u00fcrich-H\u00f6ngg\" \/>\n<meta property=\"og:description\" content=\"For Zahnloft in Zurich-H\u00f6ngg, customised dentistry means not only precision, but above all putting you as a person at the centre.\" \/>\n<meta property=\"og:url\" content=\"https:\/\/www.zahnloft.ch\/en\/\" \/>\n<meta property=\"og:site_name\" content=\"Zahnloft by Dr. med. dent. Florina Jaggy | Z\u00fcrich-H\u00f6ngg\" \/>\n<meta property=\"article:modified_time\" content=\"2025-12-23T08:23:20+00:00\" \/>\n<meta name=\"twitter:card\" content=\"summary_large_image\" \/>\n<meta name=\"twitter:label1\" content=\"Est. reading time\" \/>\n\t<meta name=\"twitter:data1\" content=\"2 minutes\" \/>\n<script type=\"application\/ld+json\" class=\"yoast-schema-graph\">{\"@context\":\"https:\/\/schema.org\",\"@graph\":[{\"@type\":\"WebPage\",\"@id\":\"https:\/\/www.zahnloft.ch\/en\/\",\"url\":\"https:\/\/www.zahnloft.ch\/en\/\",\"name\":\"Zahnloft by Dr. med. dent. Florina Jaggy | Z\u00fcrich-H\u00f6ngg\",\"isPartOf\":{\"@id\":\"https:\/\/www.zahnloft.ch\/en\/#website\"},\"datePublished\":\"2013-11-26T03:10:02+00:00\",\"dateModified\":\"2025-12-23T08:23:20+00:00\",\"description\":\"For Zahnloft in Zurich-H\u00f6ngg, customised dentistry means not only precision, but above all putting you as a person at the centre.\",\"breadcrumb\":{\"@id\":\"https:\/\/www.zahnloft.ch\/en\/#breadcrumb\"},\"inLanguage\":\"en-US\",\"potentialAction\":[{\"@type\":\"ReadAction\",\"target\":[\"https:\/\/www.zahnloft.ch\/en\/\"]}]},{\"@type\":\"BreadcrumbList\",\"@id\":\"https:\/\/www.zahnloft.ch\/en\/#breadcrumb\",\"itemListElement\":[{\"@type\":\"ListItem\",\"position\":1,\"name\":\"Start\",\"item\":\"https:\/\/www.zahnloft.ch\/en\/\"},{\"@type\":\"ListItem\",\"position\":2,\"name\":\"Home\"}]},{\"@type\":\"WebSite\",\"@id\":\"https:\/\/www.zahnloft.ch\/en\/#website\",\"url\":\"https:\/\/www.zahnloft.ch\/en\/\",\"name\":\"Zahnloft by Dr. med. dent. Florina Jaggy | Z\u00fcrich-H\u00f6ngg\",\"description\":\"\",\"publisher\":{\"@id\":\"https:\/\/www.zahnloft.ch\/en\/#organization\"},\"potentialAction\":[{\"@type\":\"SearchAction\",\"target\":{\"@type\":\"EntryPoint\",\"urlTemplate\":\"https:\/\/www.zahnloft.ch\/en\/?s={search_term_string}\"},\"query-input\":{\"@type\":\"PropertyValueSpecification\",\"valueRequired\":true,\"valueName\":\"search_term_string\"}}],\"inLanguage\":\"en-US\"},{\"@type\":\"Organization\",\"@id\":\"https:\/\/www.zahnloft.ch\/en\/#organization\",\"name\":\"Zahnloft by Dr. med. dent. Florina Jaggy | Z\u00fcrich-H\u00f6ngg\",\"url\":\"https:\/\/www.zahnloft.ch\/en\/\",\"logo\":{\"@type\":\"ImageObject\",\"inLanguage\":\"en-US\",\"@id\":\"https:\/\/www.zahnloft.ch\/en\/#\/schema\/logo\/image\/\",\"url\":\"https:\/\/www.zahnloft.ch\/wp-content\/uploads\/Logo.svg\",\"contentUrl\":\"https:\/\/www.zahnloft.ch\/wp-content\/uploads\/Logo.svg\",\"caption\":\"Zahnloft by Dr. med. dent. Florina Jaggy | Z\u00fcrich-H\u00f6ngg\"},\"image\":{\"@id\":\"https:\/\/www.zahnloft.ch\/en\/#\/schema\/logo\/image\/\"}}]}<\/script>\n<!-- \/ Yoast SEO plugin. -->","yoast_head_json":{"title":"Zahnloft by Dr. med. dent. Florina Jaggy | Z\u00fcrich-H\u00f6ngg","description":"For Zahnloft in Zurich-H\u00f6ngg, customised dentistry means not only precision, but above all putting you as a person at the centre.","robots":{"index":"index","follow":"follow","max-snippet":"max-snippet:-1","max-image-preview":"max-image-preview:large","max-video-preview":"max-video-preview:-1"},"canonical":"https:\/\/www.zahnloft.ch\/en\/","og_locale":"en_US","og_type":"article","og_title":"Zahnloft by Dr. med. dent. Florina Jaggy | Z\u00fcrich-H\u00f6ngg","og_description":"For Zahnloft in Zurich-H\u00f6ngg, customised dentistry means not only precision, but above all putting you as a person at the centre.","og_url":"https:\/\/www.zahnloft.ch\/en\/","og_site_name":"Zahnloft by Dr. med. dent. Florina Jaggy | Z\u00fcrich-H\u00f6ngg","article_modified_time":"2025-12-23T08:23:20+00:00","twitter_card":"summary_large_image","twitter_misc":{"Est. reading time":"2 minutes"},"schema":{"@context":"https:\/\/schema.org","@graph":[{"@type":"WebPage","@id":"https:\/\/www.zahnloft.ch\/en\/","url":"https:\/\/www.zahnloft.ch\/en\/","name":"Zahnloft by Dr. med. dent. Florina Jaggy | Z\u00fcrich-H\u00f6ngg","isPartOf":{"@id":"https:\/\/www.zahnloft.ch\/en\/#website"},"datePublished":"2013-11-26T03:10:02+00:00","dateModified":"2025-12-23T08:23:20+00:00","description":"For Zahnloft in Zurich-H\u00f6ngg, customised dentistry means not only precision, but above all putting you as a person at the centre.","breadcrumb":{"@id":"https:\/\/www.zahnloft.ch\/en\/#breadcrumb"},"inLanguage":"en-US","potentialAction":[{"@type":"ReadAction","target":["https:\/\/www.zahnloft.ch\/en\/"]}]},{"@type":"BreadcrumbList","@id":"https:\/\/www.zahnloft.ch\/en\/#breadcrumb","itemListElement":[{"@type":"ListItem","position":1,"name":"Start","item":"https:\/\/www.zahnloft.ch\/en\/"},{"@type":"ListItem","position":2,"name":"Home"}]},{"@type":"WebSite","@id":"https:\/\/www.zahnloft.ch\/en\/#website","url":"https:\/\/www.zahnloft.ch\/en\/","name":"Zahnloft by Dr. med. dent. Florina Jaggy | Z\u00fcrich-H\u00f6ngg","description":"","publisher":{"@id":"https:\/\/www.zahnloft.ch\/en\/#organization"},"potentialAction":[{"@type":"SearchAction","target":{"@type":"EntryPoint","urlTemplate":"https:\/\/www.zahnloft.ch\/en\/?s={search_term_string}"},"query-input":{"@type":"PropertyValueSpecification","valueRequired":true,"valueName":"search_term_string"}}],"inLanguage":"en-US"},{"@type":"Organization","@id":"https:\/\/www.zahnloft.ch\/en\/#organization","name":"Zahnloft by Dr. med. dent. Florina Jaggy | Z\u00fcrich-H\u00f6ngg","url":"https:\/\/www.zahnloft.ch\/en\/","logo":{"@type":"ImageObject","inLanguage":"en-US","@id":"https:\/\/www.zahnloft.ch\/en\/#\/schema\/logo\/image\/","url":"https:\/\/www.zahnloft.ch\/wp-content\/uploads\/Logo.svg","contentUrl":"https:\/\/www.zahnloft.ch\/wp-content\/uploads\/Logo.svg","caption":"Zahnloft by Dr. med. dent. Florina Jaggy | Z\u00fcrich-H\u00f6ngg"},"image":{"@id":"https:\/\/www.zahnloft.ch\/en\/#\/schema\/logo\/image\/"}}]}},"jetpack_sharing_enabled":true,"_links":{"self":[{"href":"https:\/\/www.zahnloft.ch\/en\/wp-json\/wp\/v2\/pages\/5820","targetHints":{"allow":["GET"]}}],"collection":[{"href":"https:\/\/www.zahnloft.ch\/en\/wp-json\/wp\/v2\/pages"}],"about":[{"href":"https:\/\/www.zahnloft.ch\/en\/wp-json\/wp\/v2\/types\/page"}],"author":[{"embeddable":true,"href":"https:\/\/www.zahnloft.ch\/en\/wp-json\/wp\/v2\/users\/1"}],"replies":[{"embeddable":true,"href":"https:\/\/www.zahnloft.ch\/en\/wp-json\/wp\/v2\/comments?post=5820"}],"version-history":[{"count":1,"href":"https:\/\/www.zahnloft.ch\/en\/wp-json\/wp\/v2\/pages\/5820\/revisions"}],"predecessor-version":[{"id":6953,"href":"https:\/\/www.zahnloft.ch\/en\/wp-json\/wp\/v2\/pages\/5820\/revisions\/6953"}],"wp:attachment":[{"href":"https:\/\/www.zahnloft.ch\/en\/wp-json\/wp\/v2\/media?parent=5820"}],"curies":[{"name":"wp","href":"https:\/\/api.w.org\/{rel}","templated":true}]}}